{"id":23,"date":"2023-01-17T12:38:00","date_gmt":"2023-01-17T12:38:00","guid":{"rendered":"https:\/\/lindentreff.ch\/?page_id=23"},"modified":"2024-01-06T15:34:21","modified_gmt":"2024-01-06T15:34:21","slug":"restaurant-und-take-away-lindentreff-in-baden-schweiz","status":"publish","type":"page","link":"https:\/\/lindentreff.ch\/","title":{"rendered":"Restaurant &#038; Take Away Lindentreff"},"content":{"rendered":"\n<h2 class=\"wp-block-heading has-text-align-center has-medium-font-size\"><strong>Das Restaurant &amp; Take Away Lindentreff in Baden<\/strong><\/h2>\n\n\n\n<p class=\"has-medium-font-size\" style=\"padding-right:0;padding-left:0;line-height:1.6\">Restaurant &amp; Take Away Lindentreff  ist  Ihre Destination f\u00fcr unwiderstehliche Pizza und k\u00f6stliche D\u00f6ner sowie Kebabs in Baden. Ob alleine oder mit Ihren Freunden und Familie, wir bieten Ihnen ein kulinarisches Erlebnis der Extraklasse. Unser Ziel ist es, Ihnen die besten Geschmackserlebnisse der orientalischen und italienischen K\u00fcche zu bieten, egal ob Sie in unserem gem\u00fctlichen Restaurant speisen oder unsere Speisen zum Mitnehmen bestellen. Sie k\u00f6nnen sich auch unsere Gerichte sowie Getr\u00e4nke bequem liefern lassen.<\/p>\n\n\n\n<div style=\"height:24px\" aria-hidden=\"true\" class=\"wp-block-spacer\"><\/div>\n\n\n\n<div class=\"wp-block-group is-content-justification-center is-nowrap is-layout-flex wp-container-core-group-is-layout-23441af8 wp-block-group-is-layout-flex\">\n<div class=\"wp-block-columns is-layout-flex wp-container-core-columns-is-layout-28f84493 wp-block-columns-is-layout-flex\">\n<div class=\"wp-block-column is-layout-flow wp-block-column-is-layout-flow\" style=\"flex-basis:100%\">\n<!-- If you would like to customize the button, remove or change the \"class\" attribute inside the <span> tag -->\n<span class=\"glf-button\" data-glf-cuid=\"22d460cf-be0d-49d5-b3b8-1d1c1f68a138\" data-glf-ruid=\"f87b8ed6-f557-42ca-b9f9-a5247767df3d\" >MEN\u00dc ansehen &#038; bestellen<\/span>\n<script src=\"https:\/\/www.fbgcdn.com\/embedder\/js\/ewm2.js\" defer async ><\/script>\n<\/div>\n<\/div>\n<\/div>\n\n\n\n<div style=\"height:24px\" aria-hidden=\"true\" class=\"wp-block-spacer\"><\/div>\n\n\n\n<figure class=\"wp-block-image aligncenter size-full is-resized has-custom-border\"><img loading=\"lazy\" decoding=\"async\" width=\"692\" height=\"526\" src=\"https:\/\/lindentreff.ch\/wp-content\/uploads\/2023\/10\/Restaurant_TAKE_AWAY_Lindentreff_Duerum.webp\" alt=\"Restaurant TAKE AWAY Lindentreff Duerum\" class=\"wp-image-139\" style=\"border-style:none;border-width:0px;border-radius:100px;aspect-ratio:1.3155893536121672;width:435px;height:auto\" srcset=\"https:\/\/lindentreff.ch\/wp-content\/uploads\/2023\/10\/Restaurant_TAKE_AWAY_Lindentreff_Duerum.webp 692w, https:\/\/lindentreff.ch\/wp-content\/uploads\/2023\/10\/Restaurant_TAKE_AWAY_Lindentreff_Duerum-300x228.webp 300w\" sizes=\"auto, (max-width: 692px) 100vw, 692px\" \/><\/figure>\n\n\n\n<p class=\"has-text-align-center has-small-font-size\" style=\"margin-top:0;margin-right:0;margin-bottom:0;margin-left:0;line-height:1.6\"><br><strong><strong>Die leckersten D\u00f6ner Kebabs in Baden<\/strong><\/strong><\/p>\n\n\n\n<p class=\"has-medium-font-size\" style=\"margin-top:0;margin-right:0;margin-bottom:0;margin-left:0;line-height:1.6\">Unsere D\u00f6ner und Kebab Spezialit\u00e4ten: Unsere Speisekarte bietet eine breite Palette an Pizzen, von klassischen Margheritas bis hin zu kreativen Spezialkreationen. Unsere Kebabs sind perfekt gew\u00fcrzt und frisch zubereitet, serviert mit frischem Gem\u00fcse und So\u00dfen nach Wahl.<br><\/p>\n\n\n\n<p><\/p>\n\n\n\n<figure class=\"wp-block-image aligncenter size-full has-custom-border\"><img loading=\"lazy\" decoding=\"async\" width=\"966\" height=\"383\" src=\"https:\/\/lindentreff.ch\/wp-content\/uploads\/2023\/10\/TAKE_AWAY_Lindentreff_Pide.webp\" alt=\"TAKE AWAY Lindentreff Pide\" class=\"wp-image-140\" style=\"border-width:32px;border-radius:100px\" srcset=\"https:\/\/lindentreff.ch\/wp-content\/uploads\/2023\/10\/TAKE_AWAY_Lindentreff_Pide.webp 966w, https:\/\/lindentreff.ch\/wp-content\/uploads\/2023\/10\/TAKE_AWAY_Lindentreff_Pide-300x119.webp 300w, https:\/\/lindentreff.ch\/wp-content\/uploads\/2023\/10\/TAKE_AWAY_Lindentreff_Pide-768x304.webp 768w\" sizes=\"auto, (max-width: 966px) 100vw, 966px\" \/><\/figure>\n\n\n\n<p><br><\/p>\n\n\n\n<p class=\"has-text-align-center has-medium-font-size\" style=\"margin-top:0;margin-right:0;margin-bottom:0;margin-left:0;line-height:1.6\"><strong>T\u00fcrkische Pide mit K\u00e4se und Sucuk ein echter Klassiker.<\/strong><\/p>\n\n\n\n<p class=\"has-medium-font-size\" style=\"margin-top:0;margin-bottom:0;line-height:1.6\">Neben den Klassikern wie Pide, D\u00f6ner und D\u00fcr\u00fcm haben wir auch andere leckere Gerichte, die Sie unbedingt probieren sollten. Hier ist eine kleine Auswahl aus unserem Angebot:<br><\/p>\n\n\n\n<ul class=\"wp-block-list\">\n<li>ORIENTALISCH &#8211; Mezzeteller<\/li>\n\n\n\n<li>Klassische Pastagerichte<\/li>\n\n\n\n<li>Spezial BURGER<\/li>\n\n\n\n<li>Feinste TACOS<\/li>\n\n\n\n<li>WUNSCHPIZZA   32 &#8211; 40 &#8211; 50 cm<\/li>\n\n\n\n<li>BAKLAVA zum Dessert<\/li>\n<\/ul>\n\n\n\n<h3 class=\"wp-block-heading has-text-align-center\"><br><strong>Ambiente und Service <\/strong><\/h3>\n\n\n\n<p style=\"padding-right:0;padding-left:0\">Geniessen Sie unsere freundliche Atmosph\u00e4re, die perfekt f\u00fcr Mittagessen, Abendessen und Treffen mit Freunden ist. Wir legen Wert auf schnellen Service und erstklassige Qualit\u00e4t.<\/p>\n\n\n\n<p style=\"padding-right:0;padding-left:0\">Restaurant Take-away &amp; Lieferservice: Keine Lust, aus dem Haus zu gehen? Nutzen Sie unseren praktischen Take-away-Service oder Lieferservice und bestellen Sie online, um unsere K\u00f6stlichkeiten direkt zu Ihnen nach Hause liefern zu lassen.<\/p>\n\n\n\n<p style=\"padding-right:0;padding-left:0\"><\/p>\n\n\n\n<p class=\"has-base-color has-text-color has-link-color wp-elements-ec221dc342c7a77dd35ad1b8450a248e\" style=\"padding-right:0;padding-left:0\">LINK zum <a href=\"https:\/\/www.foodbooking.com\/ordering\/?restaurant_uid=f87b8ed6-f557-42ca-b9f9-a5247767df3d&amp;_sp=220d846c-d212-4cbc-a4e5-7bf6561d889f.1698000662929&amp;return_url=https%3A%2F%2Flindentreff.ch%2F&amp;client_is_mobile=true\">Online Bestellsystem<\/a><\/p>\n\n\n\n<p style=\"padding-right:0;padding-left:0\"><\/p>\n\n\n\n<p><strong>HOME DELIVERY  SERVICE!  Die leckeren Restaurant &amp; Take Away Lindentreff <\/strong> <strong>Gerichte daheim geniessen oder auf einer spontanen Party. Auf Bestellung k\u00f6nnen wir Ihnen auch ein Bankett oder Catering Service anbieten. Sprechen Sie uns an. Wir finden eine perfekte L\u00f6sung f\u00fcr Sie und stellen Ihnen ein einzigartiges oder klassisches orientalisches Men\u00fc zusammen.<\/strong><\/p>\n\n\n\n<p><\/p>\n\n\n\n<p class=\"has-link-color wp-elements-16c148a5dd12e53f010b104918df676a\" style=\"padding-right:0;padding-left:0\">KONTAKT: <a href=\"https:\/\/lindentreff.ch\/index.php\/kontakt\/\">LINDENTREFF<\/a><br><\/p>\n\n\n\n<p><\/p>\n\n\n\n<p style=\"padding-right:0;padding-left:0\">Verpassen Sie keine unserer Aktionen und Rabatte, indem Sie uns auf sozialen Medien folgen. Teilen Sie Ihre besten Momente mit uns unter dem Hashtag #PizzaKebabBaden.<\/p>\n\n\n\n<p style=\"padding-right:0;padding-left:0\"><\/p>\n\n\n\n<p style=\"padding-right:0;padding-left:0\">Kommen Sie vorbei oder bestellen Sie beim <strong>Restaurant &amp; Take Away Lindentreff<\/strong>&nbsp;und entdecken Sie die Freude am Geniessen von Pizza und Kebab in Baden. <\/p>\n\n\n\n<p style=\"padding-right:0;padding-left:0\">Wir freuen uns darauf, Sie zu bedienen!<\/p>\n\n\n\n<p style=\"padding-right:0;padding-left:0\"><\/p>\n\n\n\n<figure class=\"wp-block-image size-large\"><img loading=\"lazy\" decoding=\"async\" width=\"1024\" height=\"576\" src=\"https:\/\/lindentreff.ch\/wp-content\/uploads\/2023\/04\/Lindentreff-TV-Menu_01-1024x576.webp\" alt=\"Restaurant &amp; Take Away Lindentreff\" class=\"wp-image-65\" title=\"Restaurant &amp; Take Away Lindentreff\" srcset=\"https:\/\/lindentreff.ch\/wp-content\/uploads\/2023\/04\/Lindentreff-TV-Menu_01-1024x576.webp 1024w, https:\/\/lindentreff.ch\/wp-content\/uploads\/2023\/04\/Lindentreff-TV-Menu_01-300x169.webp 300w, https:\/\/lindentreff.ch\/wp-content\/uploads\/2023\/04\/Lindentreff-TV-Menu_01-768x432.webp 768w, https:\/\/lindentreff.ch\/wp-content\/uploads\/2023\/04\/Lindentreff-TV-Menu_01-1536x864.webp 1536w, https:\/\/lindentreff.ch\/wp-content\/uploads\/2023\/04\/Lindentreff-TV-Menu_01-2048x1152.webp 2048w\" sizes=\"auto, (max-width: 1024px) 100vw, 1024px\" \/><\/figure>\n\n\n\n<figure class=\"wp-block-image size-large\"><img loading=\"lazy\" decoding=\"async\" width=\"1024\" height=\"576\" src=\"https:\/\/lindentreff.ch\/wp-content\/uploads\/2023\/04\/Lindentreff-TV-Menu_02-1024x576.webp\" alt=\"Lindentreff-TV-Menu_02\" class=\"wp-image-68\" srcset=\"https:\/\/lindentreff.ch\/wp-content\/uploads\/2023\/04\/Lindentreff-TV-Menu_02-1024x576.webp 1024w, https:\/\/lindentreff.ch\/wp-content\/uploads\/2023\/04\/Lindentreff-TV-Menu_02-300x169.webp 300w, https:\/\/lindentreff.ch\/wp-content\/uploads\/2023\/04\/Lindentreff-TV-Menu_02-768x432.webp 768w, https:\/\/lindentreff.ch\/wp-content\/uploads\/2023\/04\/Lindentreff-TV-Menu_02-1536x864.webp 1536w, https:\/\/lindentreff.ch\/wp-content\/uploads\/2023\/04\/Lindentreff-TV-Menu_02-2048x1152.webp 2048w\" sizes=\"auto, (max-width: 1024px) 100vw, 1024px\" \/><\/figure>\n\n\n\n<figure class=\"wp-block-image size-large\"><img loading=\"lazy\" decoding=\"async\" width=\"1024\" height=\"576\" src=\"https:\/\/lindentreff.ch\/wp-content\/uploads\/2023\/04\/Lindentreff-TV-Menu_03-1024x576.webp\" alt=\"Lindentreff-TV-Menu_03\" class=\"wp-image-69\" srcset=\"https:\/\/lindentreff.ch\/wp-content\/uploads\/2023\/04\/Lindentreff-TV-Menu_03-1024x576.webp 1024w, https:\/\/lindentreff.ch\/wp-content\/uploads\/2023\/04\/Lindentreff-TV-Menu_03-300x169.webp 300w, https:\/\/lindentreff.ch\/wp-content\/uploads\/2023\/04\/Lindentreff-TV-Menu_03-768x432.webp 768w, https:\/\/lindentreff.ch\/wp-content\/uploads\/2023\/04\/Lindentreff-TV-Menu_03-1536x864.webp 1536w, https:\/\/lindentreff.ch\/wp-content\/uploads\/2023\/04\/Lindentreff-TV-Menu_03-2048x1152.webp 2048w\" sizes=\"auto, (max-width: 1024px) 100vw, 1024px\" \/><\/figure>\n\n\n\n<figure class=\"wp-block-image size-large\"><img loading=\"lazy\" decoding=\"async\" width=\"1024\" height=\"576\" src=\"https:\/\/lindentreff.ch\/wp-content\/uploads\/2023\/04\/Lindentreff-TV-Menu_04-1024x576.webp\" alt=\"Lindentreff-TV-Menu_04\" class=\"wp-image-70\" srcset=\"https:\/\/lindentreff.ch\/wp-content\/uploads\/2023\/04\/Lindentreff-TV-Menu_04-1024x576.webp 1024w, https:\/\/lindentreff.ch\/wp-content\/uploads\/2023\/04\/Lindentreff-TV-Menu_04-300x169.webp 300w, https:\/\/lindentreff.ch\/wp-content\/uploads\/2023\/04\/Lindentreff-TV-Menu_04-768x432.webp 768w, https:\/\/lindentreff.ch\/wp-content\/uploads\/2023\/04\/Lindentreff-TV-Menu_04-1536x864.webp 1536w, https:\/\/lindentreff.ch\/wp-content\/uploads\/2023\/04\/Lindentreff-TV-Menu_04-2048x1152.webp 2048w\" sizes=\"auto, (max-width: 1024px) 100vw, 1024px\" \/><\/figure>\n\n\n\n<figure class=\"wp-block-image size-large\"><img loading=\"lazy\" decoding=\"async\" width=\"767\" height=\"1024\" src=\"https:\/\/lindentreff.ch\/wp-content\/uploads\/2023\/04\/Speisekarte_Lindentreff-01-767x1024.webp\" alt=\"\" class=\"wp-image-86\" srcset=\"https:\/\/lindentreff.ch\/wp-content\/uploads\/2023\/04\/Speisekarte_Lindentreff-01-767x1024.webp 767w, https:\/\/lindentreff.ch\/wp-content\/uploads\/2023\/04\/Speisekarte_Lindentreff-01-225x300.webp 225w, https:\/\/lindentreff.ch\/wp-content\/uploads\/2023\/04\/Speisekarte_Lindentreff-01-768x1025.webp 768w, https:\/\/lindentreff.ch\/wp-content\/uploads\/2023\/04\/Speisekarte_Lindentreff-01.webp 1062w\" sizes=\"auto, (max-width: 767px) 100vw, 767px\" \/><\/figure>\n\n\n\n<figure class=\"wp-block-image size-large\"><img loading=\"lazy\" decoding=\"async\" width=\"767\" height=\"1024\" src=\"https:\/\/lindentreff.ch\/wp-content\/uploads\/2023\/04\/Speisekarte_Lindentreff-02-767x1024.webp\" alt=\"\" class=\"wp-image-87\" srcset=\"https:\/\/lindentreff.ch\/wp-content\/uploads\/2023\/04\/Speisekarte_Lindentreff-02-767x1024.webp 767w, https:\/\/lindentreff.ch\/wp-content\/uploads\/2023\/04\/Speisekarte_Lindentreff-02-225x300.webp 225w, https:\/\/lindentreff.ch\/wp-content\/uploads\/2023\/04\/Speisekarte_Lindentreff-02-768x1025.webp 768w, https:\/\/lindentreff.ch\/wp-content\/uploads\/2023\/04\/Speisekarte_Lindentreff-02.webp 1062w\" sizes=\"auto, (max-width: 767px) 100vw, 767px\" \/><\/figure>\n\n\n\n<figure class=\"wp-block-image size-large\"><img loading=\"lazy\" decoding=\"async\" width=\"724\" height=\"1024\" src=\"https:\/\/lindentreff.ch\/wp-content\/uploads\/2023\/04\/Getraenkekarte_Restaurant_Lindentreff-Baden-01-724x1024.webp\" alt=\"\" class=\"wp-image-89\" srcset=\"https:\/\/lindentreff.ch\/wp-content\/uploads\/2023\/04\/Getraenkekarte_Restaurant_Lindentreff-Baden-01-724x1024.webp 724w, https:\/\/lindentreff.ch\/wp-content\/uploads\/2023\/04\/Getraenkekarte_Restaurant_Lindentreff-Baden-01-212x300.webp 212w, https:\/\/lindentreff.ch\/wp-content\/uploads\/2023\/04\/Getraenkekarte_Restaurant_Lindentreff-Baden-01-768x1087.webp 768w, https:\/\/lindentreff.ch\/wp-content\/uploads\/2023\/04\/Getraenkekarte_Restaurant_Lindentreff-Baden-01.webp 826w\" sizes=\"auto, (max-width: 724px) 100vw, 724px\" \/><\/figure>\n\n\n\n<figure class=\"wp-block-image size-large\"><img loading=\"lazy\" decoding=\"async\" width=\"724\" height=\"1024\" src=\"https:\/\/lindentreff.ch\/wp-content\/uploads\/2023\/04\/Getraenkekarte_Restaurant_Lindentreff-Baden-02-724x1024.webp\" alt=\"\" class=\"wp-image-90\" srcset=\"https:\/\/lindentreff.ch\/wp-content\/uploads\/2023\/04\/Getraenkekarte_Restaurant_Lindentreff-Baden-02-724x1024.webp 724w, https:\/\/lindentreff.ch\/wp-content\/uploads\/2023\/04\/Getraenkekarte_Restaurant_Lindentreff-Baden-02-212x300.webp 212w, https:\/\/lindentreff.ch\/wp-content\/uploads\/2023\/04\/Getraenkekarte_Restaurant_Lindentreff-Baden-02-768x1087.webp 768w, https:\/\/lindentreff.ch\/wp-content\/uploads\/2023\/04\/Getraenkekarte_Restaurant_Lindentreff-Baden-02.webp 826w\" sizes=\"auto, (max-width: 724px) 100vw, 724px\" \/><\/figure>\n","protected":false},"excerpt":{"rendered":"<p>Das Restaurant &amp; Take Away Lindentreff in Baden Restaurant &amp; Take Away Lindentreff ist Ihre Destination f\u00fcr unwiderstehliche Pizza und k\u00f6stliche D\u00f6ner sowie Kebabs in Baden. Ob alleine oder mit Ihren Freunden und Familie, wir bieten Ihnen ein kulinarisches Erlebnis der Extraklasse. Unser Ziel ist es, Ihnen die besten Geschmackserlebnisse der orientalischen und italienischen K\u00fcche [&hellip;]<\/p>\n","protected":false},"author":1,"featured_media":0,"parent":0,"menu_order":0,"comment_status":"closed","ping_status":"closed","template":"","meta":{"footnotes":""},"class_list":["post-23","page","type-page","status-publish","hentry"],"yoast_head":"<!-- This site is optimized with the Yoast SEO plugin v27.4 - https:\/\/yoast.com\/product\/yoast-seo-wordpress\/ -->\n<title>Restaurant &amp; Take Away Lindentreff - Wir machen die besten D\u00f6ner.<\/title>\n<meta name=\"description\" content=\"Restaurant &amp; Take Away Lindentreff\u00a0Bestellen Sie bei uns und entdecken Sie die Freude am Geniessen von Pizza und D\u00f6ner Kebab in Baden.\" \/>\n<meta name=\"robots\" content=\"index, follow, max-snippet:-1, max-image-preview:large, max-video-preview:-1\" \/>\n<link rel=\"canonical\" href=\"https:\/\/lindentreff.ch\/\" \/>\n<meta property=\"og:locale\" content=\"de_DE\" \/>\n<meta property=\"og:type\" content=\"article\" \/>\n<meta property=\"og:title\" content=\"Restaurant &amp; Take Away Lindentreff - Wir machen die besten D\u00f6ner.\" \/>\n<meta property=\"og:description\" content=\"Restaurant &amp; Take Away Lindentreff\u00a0Bestellen Sie bei uns und entdecken Sie die Freude am Geniessen von Pizza und D\u00f6ner Kebab in Baden.\" \/>\n<meta property=\"og:url\" content=\"https:\/\/lindentreff.ch\/\" \/>\n<meta property=\"og:site_name\" content=\"Restaurant &amp; TAKE AWAY Lindentreff\" \/>\n<meta property=\"article:modified_time\" content=\"2024-01-06T15:34:21+00:00\" \/>\n<meta property=\"og:image\" content=\"https:\/\/lindentreff.ch\/wp-content\/uploads\/2023\/10\/Restaurant_TAKE_AWAY_Lindentreff_Duerum.webp\" \/>\n<meta name=\"twitter:card\" content=\"summary_large_image\" \/>\n<meta name=\"twitter:label1\" content=\"Gesch\u00e4tzte Lesezeit\" \/>\n\t<meta name=\"twitter:data1\" content=\"4\u00a0Minuten\" \/>\n<script type=\"application\/ld+json\" class=\"yoast-schema-graph\">{\"@context\":\"https:\\\/\\\/schema.org\",\"@graph\":[{\"@type\":\"WebPage\",\"@id\":\"https:\\\/\\\/lindentreff.ch\\\/\",\"url\":\"https:\\\/\\\/lindentreff.ch\\\/\",\"name\":\"Restaurant & Take Away Lindentreff - Wir machen die besten D\u00f6ner.\",\"isPartOf\":{\"@id\":\"https:\\\/\\\/lindentreff.ch\\\/#website\"},\"primaryImageOfPage\":{\"@id\":\"https:\\\/\\\/lindentreff.ch\\\/#primaryimage\"},\"image\":{\"@id\":\"https:\\\/\\\/lindentreff.ch\\\/#primaryimage\"},\"thumbnailUrl\":\"https:\\\/\\\/lindentreff.ch\\\/wp-content\\\/uploads\\\/2023\\\/10\\\/Restaurant_TAKE_AWAY_Lindentreff_Duerum.webp\",\"datePublished\":\"2023-01-17T12:38:00+00:00\",\"dateModified\":\"2024-01-06T15:34:21+00:00\",\"description\":\"Restaurant & Take Away Lindentreff\u00a0Bestellen Sie bei uns und entdecken Sie die Freude am Geniessen von Pizza und D\u00f6ner Kebab in Baden.\",\"breadcrumb\":{\"@id\":\"https:\\\/\\\/lindentreff.ch\\\/#breadcrumb\"},\"inLanguage\":\"de\",\"potentialAction\":[{\"@type\":\"ReadAction\",\"target\":[\"https:\\\/\\\/lindentreff.ch\\\/\"]}]},{\"@type\":\"ImageObject\",\"inLanguage\":\"de\",\"@id\":\"https:\\\/\\\/lindentreff.ch\\\/#primaryimage\",\"url\":\"https:\\\/\\\/lindentreff.ch\\\/wp-content\\\/uploads\\\/2023\\\/10\\\/Restaurant_TAKE_AWAY_Lindentreff_Duerum.webp\",\"contentUrl\":\"https:\\\/\\\/lindentreff.ch\\\/wp-content\\\/uploads\\\/2023\\\/10\\\/Restaurant_TAKE_AWAY_Lindentreff_Duerum.webp\",\"width\":692,\"height\":526,\"caption\":\"Restaurant TAKE AWAY Lindentreff Duerum\"},{\"@type\":\"BreadcrumbList\",\"@id\":\"https:\\\/\\\/lindentreff.ch\\\/#breadcrumb\",\"itemListElement\":[{\"@type\":\"ListItem\",\"position\":1,\"name\":\"Startseite\",\"item\":\"https:\\\/\\\/lindentreff.ch\\\/\"},{\"@type\":\"ListItem\",\"position\":2,\"name\":\"Restaurant &#038; Take Away Lindentreff\"}]},{\"@type\":\"WebSite\",\"@id\":\"https:\\\/\\\/lindentreff.ch\\\/#website\",\"url\":\"https:\\\/\\\/lindentreff.ch\\\/\",\"name\":\"Restaurant &amp; TAKE AWAY Lindentreff\",\"description\":\"LINDENTREFF\",\"publisher\":{\"@id\":\"https:\\\/\\\/lindentreff.ch\\\/#organization\"},\"potentialAction\":[{\"@type\":\"SearchAction\",\"target\":{\"@type\":\"EntryPoint\",\"urlTemplate\":\"https:\\\/\\\/lindentreff.ch\\\/?s={search_term_string}\"},\"query-input\":{\"@type\":\"PropertyValueSpecification\",\"valueRequired\":true,\"valueName\":\"search_term_string\"}}],\"inLanguage\":\"de\"},{\"@type\":\"Organization\",\"@id\":\"https:\\\/\\\/lindentreff.ch\\\/#organization\",\"name\":\"Restaurant &amp; TAKE AWAY Lindentreff\",\"url\":\"https:\\\/\\\/lindentreff.ch\\\/\",\"logo\":{\"@type\":\"ImageObject\",\"inLanguage\":\"de\",\"@id\":\"https:\\\/\\\/lindentreff.ch\\\/#\\\/schema\\\/logo\\\/image\\\/\",\"url\":\"https:\\\/\\\/lindentreff.ch\\\/wp-content\\\/uploads\\\/2023\\\/01\\\/cropped-logo.jpeg\",\"contentUrl\":\"https:\\\/\\\/lindentreff.ch\\\/wp-content\\\/uploads\\\/2023\\\/01\\\/cropped-logo.jpeg\",\"width\":300,\"height\":100,\"caption\":\"Restaurant &amp; TAKE AWAY Lindentreff\"},\"image\":{\"@id\":\"https:\\\/\\\/lindentreff.ch\\\/#\\\/schema\\\/logo\\\/image\\\/\"}}]}<\/script>\n<!-- \/ Yoast SEO plugin. -->","yoast_head_json":{"title":"Restaurant & Take Away Lindentreff - Wir machen die besten D\u00f6ner.","description":"Restaurant & Take Away Lindentreff\u00a0Bestellen Sie bei uns und entdecken Sie die Freude am Geniessen von Pizza und D\u00f6ner Kebab in Baden.","robots":{"index":"index","follow":"follow","max-snippet":"max-snippet:-1","max-image-preview":"max-image-preview:large","max-video-preview":"max-video-preview:-1"},"canonical":"https:\/\/lindentreff.ch\/","og_locale":"de_DE","og_type":"article","og_title":"Restaurant & Take Away Lindentreff - Wir machen die besten D\u00f6ner.","og_description":"Restaurant & Take Away Lindentreff\u00a0Bestellen Sie bei uns und entdecken Sie die Freude am Geniessen von Pizza und D\u00f6ner Kebab in Baden.","og_url":"https:\/\/lindentreff.ch\/","og_site_name":"Restaurant &amp; TAKE AWAY Lindentreff","article_modified_time":"2024-01-06T15:34:21+00:00","og_image":[{"url":"https:\/\/lindentreff.ch\/wp-content\/uploads\/2023\/10\/Restaurant_TAKE_AWAY_Lindentreff_Duerum.webp","type":"","width":"","height":""}],"twitter_card":"summary_large_image","twitter_misc":{"Gesch\u00e4tzte Lesezeit":"4\u00a0Minuten"},"schema":{"@context":"https:\/\/schema.org","@graph":[{"@type":"WebPage","@id":"https:\/\/lindentreff.ch\/","url":"https:\/\/lindentreff.ch\/","name":"Restaurant & Take Away Lindentreff - Wir machen die besten D\u00f6ner.","isPartOf":{"@id":"https:\/\/lindentreff.ch\/#website"},"primaryImageOfPage":{"@id":"https:\/\/lindentreff.ch\/#primaryimage"},"image":{"@id":"https:\/\/lindentreff.ch\/#primaryimage"},"thumbnailUrl":"https:\/\/lindentreff.ch\/wp-content\/uploads\/2023\/10\/Restaurant_TAKE_AWAY_Lindentreff_Duerum.webp","datePublished":"2023-01-17T12:38:00+00:00","dateModified":"2024-01-06T15:34:21+00:00","description":"Restaurant & Take Away Lindentreff\u00a0Bestellen Sie bei uns und entdecken Sie die Freude am Geniessen von Pizza und D\u00f6ner Kebab in Baden.","breadcrumb":{"@id":"https:\/\/lindentreff.ch\/#breadcrumb"},"inLanguage":"de","potentialAction":[{"@type":"ReadAction","target":["https:\/\/lindentreff.ch\/"]}]},{"@type":"ImageObject","inLanguage":"de","@id":"https:\/\/lindentreff.ch\/#primaryimage","url":"https:\/\/lindentreff.ch\/wp-content\/uploads\/2023\/10\/Restaurant_TAKE_AWAY_Lindentreff_Duerum.webp","contentUrl":"https:\/\/lindentreff.ch\/wp-content\/uploads\/2023\/10\/Restaurant_TAKE_AWAY_Lindentreff_Duerum.webp","width":692,"height":526,"caption":"Restaurant TAKE AWAY Lindentreff Duerum"},{"@type":"BreadcrumbList","@id":"https:\/\/lindentreff.ch\/#breadcrumb","itemListElement":[{"@type":"ListItem","position":1,"name":"Startseite","item":"https:\/\/lindentreff.ch\/"},{"@type":"ListItem","position":2,"name":"Restaurant &#038; Take Away Lindentreff"}]},{"@type":"WebSite","@id":"https:\/\/lindentreff.ch\/#website","url":"https:\/\/lindentreff.ch\/","name":"Restaurant &amp; TAKE AWAY Lindentreff","description":"LINDENTREFF","publisher":{"@id":"https:\/\/lindentreff.ch\/#organization"},"potentialAction":[{"@type":"SearchAction","target":{"@type":"EntryPoint","urlTemplate":"https:\/\/lindentreff.ch\/?s={search_term_string}"},"query-input":{"@type":"PropertyValueSpecification","valueRequired":true,"valueName":"search_term_string"}}],"inLanguage":"de"},{"@type":"Organization","@id":"https:\/\/lindentreff.ch\/#organization","name":"Restaurant &amp; TAKE AWAY Lindentreff","url":"https:\/\/lindentreff.ch\/","logo":{"@type":"ImageObject","inLanguage":"de","@id":"https:\/\/lindentreff.ch\/#\/schema\/logo\/image\/","url":"https:\/\/lindentreff.ch\/wp-content\/uploads\/2023\/01\/cropped-logo.jpeg","contentUrl":"https:\/\/lindentreff.ch\/wp-content\/uploads\/2023\/01\/cropped-logo.jpeg","width":300,"height":100,"caption":"Restaurant &amp; TAKE AWAY Lindentreff"},"image":{"@id":"https:\/\/lindentreff.ch\/#\/schema\/logo\/image\/"}}]}},"_links":{"self":[{"href":"https:\/\/lindentreff.ch\/index.php\/wp-json\/wp\/v2\/pages\/23","targetHints":{"allow":["GET"]}}],"collection":[{"href":"https:\/\/lindentreff.ch\/index.php\/wp-json\/wp\/v2\/pages"}],"about":[{"href":"https:\/\/lindentreff.ch\/index.php\/wp-json\/wp\/v2\/types\/page"}],"author":[{"embeddable":true,"href":"https:\/\/lindentreff.ch\/index.php\/wp-json\/wp\/v2\/users\/1"}],"replies":[{"embeddable":true,"href":"https:\/\/lindentreff.ch\/index.php\/wp-json\/wp\/v2\/comments?post=23"}],"version-history":[{"count":57,"href":"https:\/\/lindentreff.ch\/index.php\/wp-json\/wp\/v2\/pages\/23\/revisions"}],"predecessor-version":[{"id":215,"href":"https:\/\/lindentreff.ch\/index.php\/wp-json\/wp\/v2\/pages\/23\/revisions\/215"}],"wp:attachment":[{"href":"https:\/\/lindentreff.ch\/index.php\/wp-json\/wp\/v2\/media?parent=23"}],"curies":[{"name":"wp","href":"https:\/\/api.w.org\/{rel}","templated":true}]}}